{"id":23,"date":"2011-02-22T21:26:51","date_gmt":"2011-02-22T19:26:51","guid":{"rendered":"http:\/\/psychotherapie-albisrieden.ch\/WordPress\/?page_id=23"},"modified":"2022-03-16T11:43:54","modified_gmt":"2022-03-16T10:43:54","slug":"barbara-modena","status":"publish","type":"page","link":"https:\/\/psychotherapie-albisrieden.ch\/WordPress\/","title":{"rendered":"Barbara Modena"},"content":{"rendered":"<p><img loading=\"lazy\" decoding=\"async\" class=\"wp-image-956  alignnone\" title=\"Psychoanalytische Gemeinschaftspraxis Albisrieden\" src=\"https:\/\/psychotherapie-albisrieden.ch\/WordPress\/wp-content\/uploads\/2020\/03\/Barbara-200x300.jpg\" alt=\"\" width=\"100\" height=\"150\" srcset=\"https:\/\/psychotherapie-albisrieden.ch\/WordPress\/wp-content\/uploads\/2020\/03\/Barbara-200x300.jpg 200w, https:\/\/psychotherapie-albisrieden.ch\/WordPress\/wp-content\/uploads\/2020\/03\/Barbara.jpg 300w\" sizes=\"auto, (max-width: 100px) 100vw, 100px\" \/><\/p>\n<p><strong>Barbara Modena<\/strong><br \/>\n\u00c4rztin und Psychoanalytikerin<br \/>\nEidg. anerkannte Psychotherapeutin f\u00fcr Erwachsene<br \/>\nSupervisorin und Lehranalytikerin PSZ<br \/>\nDignit\u00e4t Psychiatrie und Psychotherapie FMH<\/p>\n<p>Tel: 043 \/ 818 69 13<br \/>\n<a title=\"E-Mail\" href=\"https:\/\/psychotherapie-albisrieden.ch\/WordPress\/?page_id=111\" data-wplink-edit=\"true\">&#8222;E-Mail&#8220;<\/a><\/p>\n<p>Geb. in Z\u00fcrich 1966. Medizinstudium und Staatsexamen Z\u00fcrich 1997. Seit 2000 psychiatrische und psychotherapeutische T\u00e4tigkeit und Spezialisierung (ambulant und station\u00e4r) in den Bereichen:<\/p>\n<ul>\n<li>Psychoanalyse, tiefenpsychologische und eklektische Psychotherapie<\/li>\n<li>Einzel- und Gruppensupervision (Fall oder Teambezogen &#8211; psychotherapeutisch oder psychiatrisch) f\u00fcr Fachpersonen und Institutionen<\/li>\n<li>Traumapsychotherapie inklusive EMDR und Behandlung chronischer Traumatisierung (strukturelle Dissoziation) (Grund- und Fortgeschrittenen Lehrgang bei E. Nijenhuis, Psychotherapeutisches Institut im Park, Schaffhausen)<\/li>\n<li>Medizinische Hypnose<\/li>\n<li>Alterspsychotherapie (Lehrgang Prof. Dr. med. Radebold, Kassel)<\/li>\n<li>Psychotherapie mit Schwerpunkt neurotische St\u00f6rungen, Belastungsst\u00f6rungen, Angsterkrankungen, Depression und Pers\u00f6nlichkeitsst\u00f6rungen<\/li>\n<\/ul>\n","protected":false},"excerpt":{"rendered":"<p>Barbara Modena \u00c4rztin und Psychoanalytikerin Eidg. anerkannte Psychotherapeutin f\u00fcr Erwachsene Supervisorin und Lehranalytikerin PSZ Dignit\u00e4t Psychiatrie und Psychotherapie FMH Tel: 043 \/ 818 69 13 &#8222;E-Mail&#8220; Geb. in Z\u00fcrich 1966. Medizinstudium und Staatsexamen Z\u00fcrich 1997. Seit 2000 psychiatrische und psychotherapeutische T\u00e4tigkeit und Spezialisierung (ambulant und station\u00e4r) in den Bereichen: Psychoanalyse, tiefenpsychologische und eklektische Psychotherapie Einzel-&hellip; <a class=\"more-link\" href=\"https:\/\/psychotherapie-albisrieden.ch\/WordPress\/\">Continue reading &rarr;<\/a><\/p>\n","protected":false},"author":1,"featured_media":0,"parent":0,"menu_order":1,"comment_status":"closed","ping_status":"closed","template":"","meta":{"ngg_post_thumbnail":0,"jetpack_post_was_ever_published":false,"footnotes":""},"class_list":["post-23","page","type-page","status-publish","hentry"],"yoast_head":"<!-- This site is optimized with the Yoast SEO plugin v27.4 - https:\/\/yoast.com\/product\/yoast-seo-wordpress\/ -->\n<title>Barbara Modena - Psychoanalytische Gemeinschaftspraxis Albisrieden<\/title>\n<meta name=\"description\" content=\"\u00c4rztin und Psychoanalytikerin Eidg. Psychotherapeutin f\u00fcr Erwachsene Supervisorin und Lehranalytikerin PSZ Psychiatrie und Psychotherapie FMH\" \/>\n<meta name=\"robots\" content=\"index, follow, max-snippet:-1, max-image-preview:large, max-video-preview:-1\" \/>\n<link rel=\"canonical\" href=\"https:\/\/psychotherapie-albisrieden.ch\/WordPress\/\" \/>\n<meta name=\"twitter:label1\" content=\"Gesch\u00e4tzte Lesezeit\" \/>\n\t<meta name=\"twitter:data1\" content=\"1\u00a0Minute\" \/>\n<script type=\"application\/ld+json\" class=\"yoast-schema-graph\">{\"@context\":\"https:\\\/\\\/schema.org\",\"@graph\":[{\"@type\":[\"WebPage\",\"MedicalWebPage\"],\"@id\":\"https:\\\/\\\/psychotherapie-albisrieden.ch\\\/WordPress\\\/\",\"url\":\"https:\\\/\\\/psychotherapie-albisrieden.ch\\\/WordPress\\\/\",\"name\":\"Barbara Modena - Psychoanalytische Gemeinschaftspraxis Albisrieden\",\"isPartOf\":{\"@id\":\"https:\\\/\\\/psychotherapie-albisrieden.ch\\\/WordPress\\\/#website\"},\"primaryImageOfPage\":{\"@id\":\"https:\\\/\\\/psychotherapie-albisrieden.ch\\\/WordPress\\\/#primaryimage\"},\"image\":{\"@id\":\"https:\\\/\\\/psychotherapie-albisrieden.ch\\\/WordPress\\\/#primaryimage\"},\"thumbnailUrl\":\"https:\\\/\\\/psychotherapie-albisrieden.ch\\\/WordPress\\\/wp-content\\\/uploads\\\/2020\\\/03\\\/Barbara-200x300.jpg\",\"datePublished\":\"2011-02-22T19:26:51+00:00\",\"dateModified\":\"2022-03-16T10:43:54+00:00\",\"description\":\"\u00c4rztin und Psychoanalytikerin Eidg. Psychotherapeutin f\u00fcr Erwachsene Supervisorin und Lehranalytikerin PSZ Psychiatrie und Psychotherapie FMH\",\"breadcrumb\":{\"@id\":\"https:\\\/\\\/psychotherapie-albisrieden.ch\\\/WordPress\\\/#breadcrumb\"},\"inLanguage\":\"de\",\"potentialAction\":[{\"@type\":\"ReadAction\",\"target\":[\"https:\\\/\\\/psychotherapie-albisrieden.ch\\\/WordPress\\\/\"]}]},{\"@type\":\"ImageObject\",\"inLanguage\":\"de\",\"@id\":\"https:\\\/\\\/psychotherapie-albisrieden.ch\\\/WordPress\\\/#primaryimage\",\"url\":\"https:\\\/\\\/psychotherapie-albisrieden.ch\\\/WordPress\\\/wp-content\\\/uploads\\\/2020\\\/03\\\/Barbara.jpg\",\"contentUrl\":\"https:\\\/\\\/psychotherapie-albisrieden.ch\\\/WordPress\\\/wp-content\\\/uploads\\\/2020\\\/03\\\/Barbara.jpg\",\"width\":300,\"height\":451},{\"@type\":\"BreadcrumbList\",\"@id\":\"https:\\\/\\\/psychotherapie-albisrieden.ch\\\/WordPress\\\/#breadcrumb\",\"itemListElement\":[{\"@type\":\"ListItem\",\"position\":1,\"name\":\"Start\",\"item\":\"https:\\\/\\\/psychotherapie-albisrieden.ch\\\/WordPress\\\/\"},{\"@type\":\"ListItem\",\"position\":2,\"name\":\"Barbara Modena\"}]},{\"@type\":\"WebSite\",\"@id\":\"https:\\\/\\\/psychotherapie-albisrieden.ch\\\/WordPress\\\/#website\",\"url\":\"https:\\\/\\\/psychotherapie-albisrieden.ch\\\/WordPress\\\/\",\"name\":\"Psychoanalytische Gemeinschaftspraxis Albisrieden\",\"description\":\"\",\"potentialAction\":[{\"@type\":\"SearchAction\",\"target\":{\"@type\":\"EntryPoint\",\"urlTemplate\":\"https:\\\/\\\/psychotherapie-albisrieden.ch\\\/WordPress\\\/?s={search_term_string}\"},\"query-input\":{\"@type\":\"PropertyValueSpecification\",\"valueRequired\":true,\"valueName\":\"search_term_string\"}}],\"inLanguage\":\"de\"}]}<\/script>\n<!-- \/ Yoast SEO plugin. -->","yoast_head_json":{"title":"Barbara Modena - Psychoanalytische Gemeinschaftspraxis Albisrieden","description":"\u00c4rztin und Psychoanalytikerin Eidg. Psychotherapeutin f\u00fcr Erwachsene Supervisorin und Lehranalytikerin PSZ Psychiatrie und Psychotherapie FMH","robots":{"index":"index","follow":"follow","max-snippet":"max-snippet:-1","max-image-preview":"max-image-preview:large","max-video-preview":"max-video-preview:-1"},"canonical":"https:\/\/psychotherapie-albisrieden.ch\/WordPress\/","twitter_misc":{"Gesch\u00e4tzte Lesezeit":"1\u00a0Minute"},"schema":{"@context":"https:\/\/schema.org","@graph":[{"@type":["WebPage","MedicalWebPage"],"@id":"https:\/\/psychotherapie-albisrieden.ch\/WordPress\/","url":"https:\/\/psychotherapie-albisrieden.ch\/WordPress\/","name":"Barbara Modena - Psychoanalytische Gemeinschaftspraxis Albisrieden","isPartOf":{"@id":"https:\/\/psychotherapie-albisrieden.ch\/WordPress\/#website"},"primaryImageOfPage":{"@id":"https:\/\/psychotherapie-albisrieden.ch\/WordPress\/#primaryimage"},"image":{"@id":"https:\/\/psychotherapie-albisrieden.ch\/WordPress\/#primaryimage"},"thumbnailUrl":"https:\/\/psychotherapie-albisrieden.ch\/WordPress\/wp-content\/uploads\/2020\/03\/Barbara-200x300.jpg","datePublished":"2011-02-22T19:26:51+00:00","dateModified":"2022-03-16T10:43:54+00:00","description":"\u00c4rztin und Psychoanalytikerin Eidg. Psychotherapeutin f\u00fcr Erwachsene Supervisorin und Lehranalytikerin PSZ Psychiatrie und Psychotherapie FMH","breadcrumb":{"@id":"https:\/\/psychotherapie-albisrieden.ch\/WordPress\/#breadcrumb"},"inLanguage":"de","potentialAction":[{"@type":"ReadAction","target":["https:\/\/psychotherapie-albisrieden.ch\/WordPress\/"]}]},{"@type":"ImageObject","inLanguage":"de","@id":"https:\/\/psychotherapie-albisrieden.ch\/WordPress\/#primaryimage","url":"https:\/\/psychotherapie-albisrieden.ch\/WordPress\/wp-content\/uploads\/2020\/03\/Barbara.jpg","contentUrl":"https:\/\/psychotherapie-albisrieden.ch\/WordPress\/wp-content\/uploads\/2020\/03\/Barbara.jpg","width":300,"height":451},{"@type":"BreadcrumbList","@id":"https:\/\/psychotherapie-albisrieden.ch\/WordPress\/#breadcrumb","itemListElement":[{"@type":"ListItem","position":1,"name":"Start","item":"https:\/\/psychotherapie-albisrieden.ch\/WordPress\/"},{"@type":"ListItem","position":2,"name":"Barbara Modena"}]},{"@type":"WebSite","@id":"https:\/\/psychotherapie-albisrieden.ch\/WordPress\/#website","url":"https:\/\/psychotherapie-albisrieden.ch\/WordPress\/","name":"Psychoanalytische Gemeinschaftspraxis Albisrieden","description":"","potentialAction":[{"@type":"SearchAction","target":{"@type":"EntryPoint","urlTemplate":"https:\/\/psychotherapie-albisrieden.ch\/WordPress\/?s={search_term_string}"},"query-input":{"@type":"PropertyValueSpecification","valueRequired":true,"valueName":"search_term_string"}}],"inLanguage":"de"}]}},"jetpack_sharing_enabled":true,"jetpack_shortlink":"https:\/\/wp.me\/P3aI10-n","_links":{"self":[{"href":"https:\/\/psychotherapie-albisrieden.ch\/WordPress\/wp-json\/wp\/v2\/pages\/23","targetHints":{"allow":["GET"]}}],"collection":[{"href":"https:\/\/psychotherapie-albisrieden.ch\/WordPress\/wp-json\/wp\/v2\/pages"}],"about":[{"href":"https:\/\/psychotherapie-albisrieden.ch\/WordPress\/wp-json\/wp\/v2\/types\/page"}],"author":[{"embeddable":true,"href":"https:\/\/psychotherapie-albisrieden.ch\/WordPress\/wp-json\/wp\/v2\/users\/1"}],"replies":[{"embeddable":true,"href":"https:\/\/psychotherapie-albisrieden.ch\/WordPress\/wp-json\/wp\/v2\/comments?post=23"}],"version-history":[{"count":91,"href":"https:\/\/psychotherapie-albisrieden.ch\/WordPress\/wp-json\/wp\/v2\/pages\/23\/revisions"}],"predecessor-version":[{"id":1005,"href":"https:\/\/psychotherapie-albisrieden.ch\/WordPress\/wp-json\/wp\/v2\/pages\/23\/revisions\/1005"}],"wp:attachment":[{"href":"https:\/\/psychotherapie-albisrieden.ch\/WordPress\/wp-json\/wp\/v2\/media?parent=23"}],"curies":[{"name":"wp","href":"https:\/\/api.w.org\/{rel}","templated":true}]}}